{"id":90,"date":"2023-10-04T00:10:23","date_gmt":"2023-10-03T22:10:23","guid":{"rendered":"https:\/\/yann-mariton.fr\/?page_id=90"},"modified":"2024-06-14T18:12:26","modified_gmt":"2024-06-14T16:12:26","slug":"a-propos","status":"publish","type":"page","link":"https:\/\/yann-mariton.fr\/","title":{"rendered":"\u00c0 propos"},"content":{"rendered":"\n<h2 class=\"wp-block-heading alignwide has-text-align-center\">Pr\u00e9sentation rapide<\/h2>\n\n\n\n<div class=\"wp-block-group is-nowrap is-layout-flex wp-container-core-group-is-layout-6c531013 wp-block-group-is-layout-flex\">\n<p class=\"has-text-align-center\">Je m&#8217;appelle Yann Mariton et je suis psychologue de formation. Mes exp\u00e9riences professionnelles dans le domaine de l&#8217;\u00e9ducation m&#8217;ont pouss\u00e9 \u00e0 explorer diff\u00e9rents outils qui permettent de cr\u00e9er des exp\u00e9riences ludiques. Outre les r\u00e9alisations cr\u00e9\u00e9es dans le cadre de mon travail, je m&#8217;amuse sur mon temps libre \u00e0 exp\u00e9rimenter sur les m\u00eames outils pour mes propres projets personnels.<\/p>\n<\/div>\n\n\n\n<h2 class=\"wp-block-heading alignwide has-text-align-center\">Game design et exp\u00e9riences<\/h2>\n\n\n\n<div class=\"wp-block-group is-horizontal is-content-justification-left is-nowrap is-layout-flex wp-container-core-group-is-layout-e5fbeb3a wp-block-group-is-layout-flex\">\n<p class=\"has-text-align-center\">Je joue depuis que je suis tout petit (j&#8217;ai d\u00e9pass\u00e9 la trentaine&#8230;). Jeux sur plateau, jeux de r\u00f4le, jeux vid\u00e9o, j&#8217;ai pass\u00e9 et je passe encore \u00e9norm\u00e9ment de temps \u00e0 jouer. Je suis passionn\u00e9 de game design et j&#8217;adore r\u00e9aliser de nouvelles exp\u00e9riences. La cr\u00e9ation me permet d&#8217;apprendre \u00e9norm\u00e9ment de choses que je n&#8217;ai jamais eu l&#8217;opportunit\u00e9 d&#8217;\u00e9tudier formellement !<\/p>\n<\/div>\n\n\n\n<h2 class=\"wp-block-heading alignwide has-text-align-center\">Outils et r\u00e9alisations<\/h2>\n\n\n\n<div class=\"wp-block-group is-nowrap is-layout-flex wp-container-core-group-is-layout-6c531013 wp-block-group-is-layout-flex\">\n<p class=\"has-text-align-center\">Les exp\u00e9riences publi\u00e9es sur ce site sont principalement cr\u00e9\u00e9es par le biais du logiciel Speedernet Sphere. J&#8217;ai un projet en cours de cr\u00e9ation qui utilise Ren&#8217;py et je suis entrain d&#8217;apprendre \u00e0 utiliser Godot. La majorit\u00e9 des outils que j&#8217;utilise sont open source et les images, sons et vid\u00e9os sous licence CC-by 4.0 &#8211; si certaines images, sons ou vid\u00e9os \u00e9chappent \u00e0 cette r\u00e8gle, les auteurs sont cr\u00e9dit\u00e9s dans l&#8217;exp\u00e9rience.<\/p>\n<\/div>\n\n\n\n<h2 class=\"wp-block-heading alignwide has-text-align-center\">Portfolio et r\u00e9flexions<\/h2>\n\n\n\n<div class=\"wp-block-group is-nowrap is-layout-flex wp-container-core-group-is-layout-6c531013 wp-block-group-is-layout-flex\">\n<p class=\"has-text-align-center\">Ce site est ni plus ni moins qu&#8217;un r\u00e9pertoire pour mes exp\u00e9riences personnelles, en d\u00e9pit du nom &#8220;portfolio&#8221;, il n&#8217;a pas vraiment pour but d&#8217;\u00eatre consult\u00e9. Il se peut qu&#8217;il \u00e9volue en recueil de r\u00e9flexions sur les domaines qui m&#8217;int\u00e9ressent ou quelque chose de plus professionnel si le besoin s&#8217;en fait ressentir.<\/p>\n<\/div>\n\n\n\n<h2 class=\"wp-block-heading alignwide has-text-align-center\">Contact<\/h2>\n\n\n\n<div class=\"wp-block-group is-nowrap is-layout-flex wp-container-core-group-is-layout-6c531013 wp-block-group-is-layout-flex\">\n<p class=\"has-text-align-center\">Si vous avez des questions ou souhaitez \u00e9changer, n&#8217;h\u00e9sitez pas \u00e0 me contacter par mail : yann.mariton@gmail.com ou sur <a href=\"https:\/\/www.linkedin.com\/in\/yann-mariton\/\">LinkedIn<\/a>.<\/p>\n<\/div>\n","protected":false},"excerpt":{"rendered":"<p>Pr\u00e9sentation rapide Je m&#8217;appelle Yann Mariton et je suis psychologue de formation. Mes exp\u00e9riences professionnelles dans le domaine de l&#8217;\u00e9ducation m&#8217;ont pouss\u00e9 \u00e0 explorer diff\u00e9rents outils qui permettent de cr\u00e9er des exp\u00e9riences ludiques. Outre les r\u00e9alisations cr\u00e9\u00e9es dans le cadre de mon travail, je m&#8217;amuse sur mon temps libre \u00e0 exp\u00e9rimenter sur les m\u00eames outils [&hellip;]<\/p>\n","protected":false},"author":1,"featured_media":0,"parent":0,"menu_order":0,"comment_status":"closed","ping_status":"closed","template":"","meta":{"footnotes":""},"class_list":["post-90","page","type-page","status-publish","hentry"],"_links":{"self":[{"href":"https:\/\/yann-mariton.fr\/index.php\/wp-json\/wp\/v2\/pages\/90","targetHints":{"allow":["GET"]}}],"collection":[{"href":"https:\/\/yann-mariton.fr\/index.php\/wp-json\/wp\/v2\/pages"}],"about":[{"href":"https:\/\/yann-mariton.fr\/index.php\/wp-json\/wp\/v2\/types\/page"}],"author":[{"embeddable":true,"href":"https:\/\/yann-mariton.fr\/index.php\/wp-json\/wp\/v2\/users\/1"}],"replies":[{"embeddable":true,"href":"https:\/\/yann-mariton.fr\/index.php\/wp-json\/wp\/v2\/comments?post=90"}],"version-history":[{"count":6,"href":"https:\/\/yann-mariton.fr\/index.php\/wp-json\/wp\/v2\/pages\/90\/revisions"}],"predecessor-version":[{"id":153,"href":"https:\/\/yann-mariton.fr\/index.php\/wp-json\/wp\/v2\/pages\/90\/revisions\/153"}],"wp:attachment":[{"href":"https:\/\/yann-mariton.fr\/index.php\/wp-json\/wp\/v2\/media?parent=90"}],"curies":[{"name":"wp","href":"https:\/\/api.w.org\/{rel}","templated":true}]}}